{"id":42,"date":"2020-05-20T13:01:20","date_gmt":"2020-05-20T13:01:20","guid":{"rendered":"http:\/\/airfoil.de\/wordpress\/?page_id=42"},"modified":"2020-05-20T13:55:54","modified_gmt":"2020-05-20T13:55:54","slug":"8-sitzer-tab-3","status":"publish","type":"page","link":"http:\/\/airfoil.de\/wordpress\/index.php\/produkte\/8-sitzer-tab-3\/","title":{"rendered":"8 Sitzer TAB 3"},"content":{"rendered":"\n<h3 class=\"wp-block-heading\">Unmittelbar nach Fertigstellung<\/h3>\n\n\n\n<div class=\"wp-block-image\"><figure class=\"aligncenter size-large\"><img decoding=\"async\" src=\"http:\/\/airfoil.de\/wordpress\/wp-content\/uploads\/Bild1_01.jpg\" alt=\"\"\/><figcaption>Das TAB3 steht nach der Endmontage vor den Werkshallen.<\/figcaption><\/figure><\/div>\n\n\n\n<div class=\"wp-block-image\"><figure class=\"aligncenter size-large\"><img decoding=\"async\" src=\"http:\/\/airfoil.de\/wordpress\/wp-content\/uploads\/Bild2_01.jpg\" alt=\"\"\/><figcaption>Qualit\u00e4tspr\u00fcfung und Endabnahme auf der Werft.<\/figcaption><\/figure><\/div>\n\n\n\n<div class=\"wp-block-image\"><figure class=\"aligncenter size-large\"><img decoding=\"async\" src=\"http:\/\/airfoil.de\/wordpress\/wp-content\/uploads\/Bild3_01.jpg\" alt=\"\"\/><figcaption>Die Heckansicht des TAB3.<\/figcaption><\/figure><\/div>\n\n\n\n<h3 class=\"wp-block-heading\">Zwischenhalt auf einer Sandbank<\/h3>\n\n\n\n<div class=\"wp-block-image\"><figure class=\"aligncenter size-large\"><img decoding=\"async\" src=\"http:\/\/airfoil.de\/wordpress\/wp-content\/uploads\/Bild4_01.jpg\" alt=\"\"\/><figcaption>Das Airfoilboat wurde w\u00e4hrend der Flut \u00fcber einer Sandbank geparkt.<\/figcaption><\/figure><\/div>\n\n\n\n<h3 class=\"wp-block-heading\">Ma\u00dfe<\/h3>\n\n\n\n<p>L\u00e4nge:| 14m<br>Breite:| 5,80m<br>Kabinenbreite:| 1,60m<br>H\u00f6he:|<br>Gewicht:| 2200kg<br>Zuladung:| 800kg<br>Startgeschwindigkeit:| 70km\/h<br>Reisegeschwindigkeit:| 140km\/h<br>Maximalgeschwindigkeit:| 155km\/h<br>Flugh\u00f6he:| 0,40m<\/p>\n","protected":false},"excerpt":{"rendered":"<p>Unmittelbar nach Fertigstellung Zwischenhalt auf einer Sandbank Ma\u00dfe L\u00e4nge:| 14mBreite:| 5,80mKabinenbreite:| 1,60mH\u00f6he:|Gewicht:| 2200kgZuladung:| 800kgStartgeschwindigkeit:| 70km\/hReisegeschwindigkeit:| 140km\/hMaximalgeschwindigkeit:| 155km\/hFlugh\u00f6he:| 0,40m<\/p>\n","protected":false},"author":1,"featured_media":0,"parent":27,"menu_order":0,"comment_status":"closed","ping_status":"closed","template":"","meta":{"footnotes":""},"_links":{"self":[{"href":"http:\/\/airfoil.de\/wordpress\/index.php\/wp-json\/wp\/v2\/pages\/42"}],"collection":[{"href":"http:\/\/airfoil.de\/wordpress\/index.php\/wp-json\/wp\/v2\/pages"}],"about":[{"href":"http:\/\/airfoil.de\/wordpress\/index.php\/wp-json\/wp\/v2\/types\/page"}],"author":[{"embeddable":true,"href":"http:\/\/airfoil.de\/wordpress\/index.php\/wp-json\/wp\/v2\/users\/1"}],"replies":[{"embeddable":true,"href":"http:\/\/airfoil.de\/wordpress\/index.php\/wp-json\/wp\/v2\/comments?post=42"}],"version-history":[{"count":1,"href":"http:\/\/airfoil.de\/wordpress\/index.php\/wp-json\/wp\/v2\/pages\/42\/revisions"}],"predecessor-version":[{"id":44,"href":"http:\/\/airfoil.de\/wordpress\/index.php\/wp-json\/wp\/v2\/pages\/42\/revisions\/44"}],"up":[{"embeddable":true,"href":"http:\/\/airfoil.de\/wordpress\/index.php\/wp-json\/wp\/v2\/pages\/27"}],"wp:attachment":[{"href":"http:\/\/airfoil.de\/wordpress\/index.php\/wp-json\/wp\/v2\/media?parent=42"}],"curies":[{"name":"wp","href":"https:\/\/api.w.org\/{rel}","templated":true}]}}