{"id":45,"date":"2020-05-20T13:05:02","date_gmt":"2020-05-20T13:05:02","guid":{"rendered":"http:\/\/airfoil.de\/wordpress\/?page_id=45"},"modified":"2020-05-20T13:55:35","modified_gmt":"2020-05-20T13:55:35","slug":"12-sitzer-tab-4","status":"publish","type":"page","link":"http:\/\/airfoil.de\/wordpress\/index.php\/produkte\/12-sitzer-tab-4\/","title":{"rendered":"12 Sitzer TAB 4"},"content":{"rendered":"\n<h3 class=\"wp-block-heading\">Unmittelbar nach Fertigstellung<\/h3>\n\n\n\n<div class=\"wp-block-image\"><figure class=\"aligncenter size-large\"><img decoding=\"async\" src=\"http:\/\/airfoil.de\/wordpress\/wp-content\/uploads\/12er_Stand_vorne_links_02.jpg\" alt=\"\"\/><figcaption>Endabnahme eines Zw\u00f6lfsitzers auf dem Werftgel\u00e4nde.<\/figcaption><\/figure><\/div>\n\n\n\n<div class=\"wp-block-image\"><figure class=\"aligncenter size-large\"><img decoding=\"async\" src=\"http:\/\/airfoil.de\/wordpress\/wp-content\/uploads\/12er_Gleichgewicht_Haken_Seite.jpg\" alt=\"\"\/><figcaption>Tandem Airfoil Flairboot in Gleichgewichtslage am Kranhaken w\u00e4hrend des Verladevorganges<\/figcaption><\/figure><\/div>\n\n\n\n<div class=\"wp-block-image\"><figure class=\"aligncenter size-large\"><img decoding=\"async\" src=\"http:\/\/airfoil.de\/wordpress\/wp-content\/uploads\/12er_Unterseite.jpg\" alt=\"\"\/><figcaption>Typische Unteransicht eines TAB mit einem Tiefgang von 1% der L\u00e4nge, hier 0,2 m<\/figcaption><\/figure><\/div>\n\n\n\n<div class=\"wp-block-image\"><figure class=\"aligncenter size-large\"><img decoding=\"async\" src=\"http:\/\/airfoil.de\/wordpress\/wp-content\/uploads\/12er_seitenleitwerk_Personen.jpg\" alt=\"\"\/><figcaption>Seitenleitwerk und Propeller als Bauteile der Heckpartie.<\/figcaption><\/figure><\/div>\n\n\n\n<div class=\"wp-block-image\"><figure class=\"aligncenter size-large\"><img decoding=\"async\" src=\"http:\/\/airfoil.de\/wordpress\/wp-content\/uploads\/12er_Draufsicht_Ausschnitt.jpg\" alt=\"\"\/><figcaption>Draufsicht vom Containerschiff<\/figcaption><\/figure><\/div>\n\n\n\n<h3 class=\"wp-block-heading\">Ma\u00dfe<\/h3>\n\n\n\n<p>L\u00e4nge:| 18m<br>Breite:| 7,20m<br>Kabinenbreite:| 1,35m<br>H\u00f6he:|<br>Gewicht:| 2500kg<br>Zuladung:| 1200kg<br>Startgeschwindigkeit:| 80km\/h<br>Reisegeschwindigkeit:| 165km\/h<br>Maximalgeschwindigkeit:| 180km\/h<br>Flugh\u00f6he:| 0,75m<\/p>\n","protected":false},"excerpt":{"rendered":"<p>Unmittelbar nach Fertigstellung Ma\u00dfe L\u00e4nge:| 18mBreite:| 7,20mKabinenbreite:| 1,35mH\u00f6he:|Gewicht:| 2500kgZuladung:| 1200kgStartgeschwindigkeit:| 80km\/hReisegeschwindigkeit:| 165km\/hMaximalgeschwindigkeit:| 180km\/hFlugh\u00f6he:| 0,75m<\/p>\n","protected":false},"author":1,"featured_media":0,"parent":27,"menu_order":0,"comment_status":"closed","ping_status":"closed","template":"","meta":{"footnotes":""},"_links":{"self":[{"href":"http:\/\/airfoil.de\/wordpress\/index.php\/wp-json\/wp\/v2\/pages\/45"}],"collection":[{"href":"http:\/\/airfoil.de\/wordpress\/index.php\/wp-json\/wp\/v2\/pages"}],"about":[{"href":"http:\/\/airfoil.de\/wordpress\/index.php\/wp-json\/wp\/v2\/types\/page"}],"author":[{"embeddable":true,"href":"http:\/\/airfoil.de\/wordpress\/index.php\/wp-json\/wp\/v2\/users\/1"}],"replies":[{"embeddable":true,"href":"http:\/\/airfoil.de\/wordpress\/index.php\/wp-json\/wp\/v2\/comments?post=45"}],"version-history":[{"count":1,"href":"http:\/\/airfoil.de\/wordpress\/index.php\/wp-json\/wp\/v2\/pages\/45\/revisions"}],"predecessor-version":[{"id":47,"href":"http:\/\/airfoil.de\/wordpress\/index.php\/wp-json\/wp\/v2\/pages\/45\/revisions\/47"}],"up":[{"embeddable":true,"href":"http:\/\/airfoil.de\/wordpress\/index.php\/wp-json\/wp\/v2\/pages\/27"}],"wp:attachment":[{"href":"http:\/\/airfoil.de\/wordpress\/index.php\/wp-json\/wp\/v2\/media?parent=45"}],"curies":[{"name":"wp","href":"https:\/\/api.w.org\/{rel}","templated":true}]}}