{"id":73,"date":"2020-05-20T13:33:18","date_gmt":"2020-05-20T13:33:18","guid":{"rendered":"http:\/\/airfoil.de\/wordpress\/?page_id=73"},"modified":"2020-05-20T13:33:18","modified_gmt":"2020-05-20T13:33:18","slug":"referenz","status":"publish","type":"page","link":"http:\/\/airfoil.de\/wordpress\/index.php\/referenz\/","title":{"rendered":"Referenz"},"content":{"rendered":"\n<h3 class=\"wp-block-heading\">Phillip Morris Forschungspreis<\/h3>\n\n\n\n<div class=\"wp-block-image\"><figure class=\"aligncenter size-large\"><img decoding=\"async\" src=\"http:\/\/airfoil.de\/wordpress\/wp-content\/uploads\/1.jpg\" alt=\"\"\/><\/figure><\/div>\n\n\n\n<p>Im Jahre 1984 wurde das Tandem Airfoil Flairboat mit dem Phillip Morris Forschungspreis als Sieger der Sparte &#8220;Transport und Verkehr&#8221; ausgezeichnet.<\/p>\n\n\n\n<div class=\"wp-block-image\"><figure class=\"aligncenter size-large\"><img decoding=\"async\" src=\"http:\/\/airfoil.de\/wordpress\/wp-content\/uploads\/2.jpg\" alt=\"\"\/><\/figure><\/div>\n\n\n\n<p>Der Phillip Morris Forschungspreis wurde zwischen 1982 und 2007 j\u00e4hrlich f\u00fcr besondere Forschungsleistungen vergeben. Zuerst wurde der Preis direkt \u00fcber die deutsche Niederlassung von Phillip Morris verliehen, ab 1988 von der eigens daf\u00fcr gegr\u00fcndeten Stiftung. Allein bis 2005 wurden 93 Projekte und \u00fcber 165 Preistr\u00e4ger ausgezeichnet. Ausgezeichnet werden herausragende wissenschaftliche Arbeiten.<\/p>\n\n\n\n<h3 class=\"wp-block-heading\">Eages Tagung<\/h3>\n\n\n\n<div class=\"wp-block-image\"><figure class=\"aligncenter size-large\"><img decoding=\"async\" src=\"http:\/\/airfoil.de\/wordpress\/wp-content\/uploads\/eages.jpg\" alt=\"\"\/><figcaption>Euroavia Ground Effect Symposium<\/figcaption><\/figure><\/div>\n\n\n\n<p>Die Auszeichnung erfolgte 1984 in Abstimmung mit der Deutschen Aktionsgemeinschaft f\u00fcr Erfindung, Bildung und Innovation e.V.<\/p>\n","protected":false},"excerpt":{"rendered":"<p>Phillip Morris Forschungspreis Im Jahre 1984 wurde das Tandem Airfoil Flairboat mit dem Phillip Morris Forschungspreis als Sieger der Sparte &#8220;Transport und Verkehr&#8221; ausgezeichnet. Der Phillip Morris Forschungspreis wurde zwischen 1982 und 2007 j\u00e4hrlich f\u00fcr besondere Forschungsleistungen vergeben. Zuerst wurde der Preis direkt \u00fcber die deutsche Niederlassung von Phillip Morris verliehen, ab 1988 von der &hellip; <a href=\"http:\/\/airfoil.de\/wordpress\/index.php\/referenz\/\" class=\"more-link\">Continue reading<span class=\"screen-reader-text\"> &#8220;Referenz&#8221;<\/span><\/a><\/p>\n","protected":false},"author":1,"featured_media":0,"parent":0,"menu_order":0,"comment_status":"closed","ping_status":"closed","template":"","meta":{"footnotes":""},"_links":{"self":[{"href":"http:\/\/airfoil.de\/wordpress\/index.php\/wp-json\/wp\/v2\/pages\/73"}],"collection":[{"href":"http:\/\/airfoil.de\/wordpress\/index.php\/wp-json\/wp\/v2\/pages"}],"about":[{"href":"http:\/\/airfoil.de\/wordpress\/index.php\/wp-json\/wp\/v2\/types\/page"}],"author":[{"embeddable":true,"href":"http:\/\/airfoil.de\/wordpress\/index.php\/wp-json\/wp\/v2\/users\/1"}],"replies":[{"embeddable":true,"href":"http:\/\/airfoil.de\/wordpress\/index.php\/wp-json\/wp\/v2\/comments?post=73"}],"version-history":[{"count":1,"href":"http:\/\/airfoil.de\/wordpress\/index.php\/wp-json\/wp\/v2\/pages\/73\/revisions"}],"predecessor-version":[{"id":75,"href":"http:\/\/airfoil.de\/wordpress\/index.php\/wp-json\/wp\/v2\/pages\/73\/revisions\/75"}],"wp:attachment":[{"href":"http:\/\/airfoil.de\/wordpress\/index.php\/wp-json\/wp\/v2\/media?parent=73"}],"curies":[{"name":"wp","href":"https:\/\/api.w.org\/{rel}","templated":true}]}}