{"id":76,"date":"2020-05-20T13:35:12","date_gmt":"2020-05-20T13:35:12","guid":{"rendered":"http:\/\/airfoil.de\/wordpress\/?page_id=76"},"modified":"2020-05-20T13:35:12","modified_gmt":"2020-05-20T13:35:12","slug":"wirtschaftliches","status":"publish","type":"page","link":"http:\/\/airfoil.de\/wordpress\/index.php\/wirtschaftliches\/","title":{"rendered":"Wirtschaftliches"},"content":{"rendered":"\n<h3 class=\"wp-block-heading\">Unsere Vision ist die Erschlie\u00dfung v\u00f6llig neuer M\u00e4rkte durch Einsatz von Tandem Airfoil Flairbooten in den unterschiedlichsten Gr\u00f6\u00dfen und Ausf\u00fchrungen.<\/h3>\n\n\n\n<ul><li>Tandem Airfoil Flairboote, das Bodeneffektfahrzeug mit der Sicherheitsgarantie und dem Spa\u00dffaktor f\u00fcr den Bereich der Sportboote, unterschiedlich ausgestattet nach den Bed\u00fcrfnissen der Kunden.&nbsp;<\/li><li>Flairboote als Taxis in der Gr\u00f6\u00dfe und Zuladung und Ausstattung von Automobilen, die mit eben dieser Geschwindigkeit leicht und luftgefedert \u00fcber&nbsp;Wasser und Wellen schweben.<\/li><li>Rettungsfahrzeuge die, unabh\u00e4ngig von Wassertiefen und Str\u00f6mungen, schneller vor Ort sind als alle bekannten Systeme.<\/li><li>Spezialfahrzeuge f\u00fcr \u00dcberwachung und K\u00fcstenschutz.<\/li><li>Flexiler Einsatz dieser Flairboote als Schiff oder als Flairboot, je nach den Gegebenheiten.<\/li><li>Anlanden der Flairboote an nahezu jeder gew\u00fcnschten Stelle.<\/li><li>Flairliner in der Ausf\u00fchrung als Gro\u00dfboote geeignet f\u00fcr den kommerziellen Verkehr in unterschiedlichen Gr\u00f6\u00dfenordnungen, angepa\u00dft an den Bedarf.<\/li><li>Erschlie\u00dfung neuer Flu\u00dfgebiete und flacher nicht schiffbarer Gew\u00e4sser.<\/li><li>Erg\u00e4nzung und Ausbau vorhandener Infrastruktur, erg\u00e4nzend zu konventionellen F\u00e4hren oder Flugpl\u00e4tzen.<\/li><\/ul>\n\n\n\n<p>&nbsp;Auf Anfrage beraten wir Sie gerne zu folgenden Themenschwerpunkten:<\/p>\n\n\n\n<ul><li>Kostenvergleichsrechnung&nbsp;<\/li><li>Wartung<\/li><li>Service<\/li><\/ul>\n\n\n\n<h3 class=\"wp-block-heading\">Gut zu wissen<\/h3>\n\n\n\n<p>Wirtschaftlichkeitsdaten, insbesondere die Transport\u00f6konomie, verbessern sich proportional zur Gr\u00f6\u00dfe des jeweiligen &#8220;Flairliners&#8221;. In Planung befinden sich zus\u00e4tzlich noch folgende Gr\u00f6\u00dfen:<\/p>\n\n\n\n<ul><li>15-Sitzer<\/li><li>20-Sitzer<\/li><li>32-Sitzer<\/li><li>60-Sitzer<\/li><li>80-Sitzer<\/li><\/ul>\n\n\n\n<ul><li>135-Sitzer<\/li><li>200-Sitzer<\/li><\/ul>\n\n\n\n<p>&nbsp;&#8230; und gr\u00f6\u00dfer.<\/p>\n\n\n\n<h3 class=\"wp-block-heading\">Wartung und Service<\/h3>\n\n\n\n<p>Flairboote oder Flairliner sind verschlei\u00dfarm und einfach in der Instandhaltung. Anlegestellen zur Anlandung der Flairboote f\u00fcr das Boarding der Passagiere k\u00f6nnen vergleichsweise einfach ausgef\u00fchrt sein.<\/p>\n","protected":false},"excerpt":{"rendered":"<p>Unsere Vision ist die Erschlie\u00dfung v\u00f6llig neuer M\u00e4rkte durch Einsatz von Tandem Airfoil Flairbooten in den unterschiedlichsten Gr\u00f6\u00dfen und Ausf\u00fchrungen. Tandem Airfoil Flairboote, das Bodeneffektfahrzeug mit der Sicherheitsgarantie und dem Spa\u00dffaktor f\u00fcr den Bereich der Sportboote, unterschiedlich ausgestattet nach den Bed\u00fcrfnissen der Kunden.&nbsp; Flairboote als Taxis in der Gr\u00f6\u00dfe und Zuladung und Ausstattung von Automobilen, &hellip; <a href=\"http:\/\/airfoil.de\/wordpress\/index.php\/wirtschaftliches\/\" class=\"more-link\">Continue reading<span class=\"screen-reader-text\"> &#8220;Wirtschaftliches&#8221;<\/span><\/a><\/p>\n","protected":false},"author":1,"featured_media":0,"parent":0,"menu_order":0,"comment_status":"closed","ping_status":"closed","template":"","meta":{"footnotes":""},"_links":{"self":[{"href":"http:\/\/airfoil.de\/wordpress\/index.php\/wp-json\/wp\/v2\/pages\/76"}],"collection":[{"href":"http:\/\/airfoil.de\/wordpress\/index.php\/wp-json\/wp\/v2\/pages"}],"about":[{"href":"http:\/\/airfoil.de\/wordpress\/index.php\/wp-json\/wp\/v2\/types\/page"}],"author":[{"embeddable":true,"href":"http:\/\/airfoil.de\/wordpress\/index.php\/wp-json\/wp\/v2\/users\/1"}],"replies":[{"embeddable":true,"href":"http:\/\/airfoil.de\/wordpress\/index.php\/wp-json\/wp\/v2\/comments?post=76"}],"version-history":[{"count":1,"href":"http:\/\/airfoil.de\/wordpress\/index.php\/wp-json\/wp\/v2\/pages\/76\/revisions"}],"predecessor-version":[{"id":78,"href":"http:\/\/airfoil.de\/wordpress\/index.php\/wp-json\/wp\/v2\/pages\/76\/revisions\/78"}],"wp:attachment":[{"href":"http:\/\/airfoil.de\/wordpress\/index.php\/wp-json\/wp\/v2\/media?parent=76"}],"curies":[{"name":"wp","href":"https:\/\/api.w.org\/{rel}","templated":true}]}}